{"id":36,"date":"2025-08-09T13:20:59","date_gmt":"2025-08-09T13:20:59","guid":{"rendered":"https:\/\/kayamarine.com.tr\/index.php\/ipuclari\/"},"modified":"2025-08-09T16:55:09","modified_gmt":"2025-08-09T16:55:09","slug":"ipuclari","status":"publish","type":"page","link":"https:\/\/kayamarine.com.tr\/index.php\/ipuclari\/","title":{"rendered":"Hizmetlerimiz"},"content":{"rendered":"\n<figure class=\"wp-block-table\"><table class=\"has-fixed-layout\"><tbody><tr><td>\u2693 Hizmet Alanlar\u0131m\u0131z<br>1\ufe0f\u20e3 Kara Bak\u0131m\u0131<br>\u2705 Tekne \u00c7\u0131kartma ve Depolama<br>\u2705 Alt Y\u00fczey Temizli\u011fi ve Bak\u0131m\u0131<br>\u2705 Zemin Bak\u0131m\u0131 ve Yenileme<br>\u2705 Tekne Refit \u0130\u015flemleri<\/td><td>3\ufe0f\u20e3 Tekne Temizli\u011fi ve Hijyen Hizmetleri<br>\ud83e\uddf9 \u0130\u00e7 Mekan Derinlemesine Temizlik<br>\ud83d\udebf D\u0131\u015f Y\u00fczey Temizli\u011fi<br>\ud83d\udecb\ufe0f Kuma\u015f D\u00f6\u015femeler ve Hal\u0131lar<br>\ud83c\udf27\ufe0f R\u00fczgar ve Ya\u011fmur Suyu Drenaj\u0131<br>4\ufe0f\u20e3 Z\u0131mpara, Pasta, Polish \u0130\u015flemleri<\/td><\/tr><tr><td>\ud83e\uddf9 Son kat boya ve hangar kapama<br>\ud83d\udd29 Pervane ve Propeller Bak\u0131m\u0131<br>\ud83d\udee0\ufe0f Tekne Tik D\u00f6\u015feme ve Mobilya \u0130\u015flemi<br>\ud83d\udef3\ufe0f G\u00f6vde Onar\u0131m\u0131 ve G\u00fc\u00e7lendirme<br>2\ufe0f\u20e3 Motor &#8211; Mekanik Bak\u0131m\u0131<br>\ud83d\udee2\ufe0f Motor Ya\u011f De\u011fi\u015fimi ve Filtre Temizli\u011fi<\/td><td>\ud83e\udeb5 Z\u0131mpara ve Y\u00fczey D\u00fczeltme<br>\u2728 Pasta ve Polish Uygulamas\u0131<br>\ud83c\udf33 Ah\u015fap Y\u00fczey Onar\u0131m\u0131 ve Parlatma<br>5\ufe0f\u20e3 Tekne Tadilat ve Onar\u0131m Hizmetleri<br>\ud83d\udea2 D\u0131\u015f Tadilat ve Yenileme<br>\ud83d\udee0\ufe0f \u0130\u00e7 Tadilat ve Modernizasyon<\/td><\/tr><tr><td>\u2744\ufe0f So\u011futma Sistemi Temizli\u011fi<br>\ud83d\udee0\ufe0f \u015eaft Pervane Balans\u0131<br>\ud83d\udee0\ufe0f Torna \u0130\u015flemleri<br>\ud83d\udd27 Egzoz Sistemi ve Boru Temizli\u011fi<br>\u2699\ufe0f \u0130leri Seviye Motor Testi ve Performans<br>\ud83d\udebf Vana Emi\u015f Sistemleri<\/td><td>\u26a1 Elektronik Sistem Onar\u0131m\u0131 ve Yenileme<br>6\ufe0f\u20e3 Yat ve Tekne Modifikasyonu<br>\ud83c\udfe1 \u0130\u00e7 Tasar\u0131m De\u011fi\u015fiklikleri<br>\ud83c\udf0a D\u0131\u015f Donan\u0131m Modifikasyonlar\u0131<br>\ud83d\ude80 Performans Art\u0131r\u0131c\u0131 Modifikasyonlar<br>7\ufe0f\u20e3 Tekne \u00c7ekme ve Ta\u015f\u0131ma<\/td><\/tr><\/tbody><\/table><\/figure>\n","protected":false},"excerpt":{"rendered":"<p>\u2693 Hizmet Alanlar\u0131m\u0131z1\ufe0f\u20e3 Kara Bak\u0131m\u0131\u2705 Tekne \u00c7\u0131kartma ve Depolama\u2705 Alt Y\u00fczey Temizli\u011fi ve Bak\u0131m\u0131\u2705 Zemin Bak\u0131m\u0131 ve Yenileme\u2705 Tekne Refit \u0130\u015flemleri 3\ufe0f\u20e3 Tekne Temizli\u011fi ve Hijyen Hizmetleri\ud83e\uddf9 \u0130\u00e7 Mekan Derinlemesine Temizlik\ud83d\udebf D\u0131\u015f Y\u00fczey Temizli\u011fi\ud83d\udecb\ufe0f Kuma\u015f D\u00f6\u015femeler ve Hal\u0131lar\ud83c\udf27\ufe0f R\u00fczgar ve Ya\u011fmur Suyu Drenaj\u01314\ufe0f\u20e3 Z\u0131mpara, Pasta, Polish \u0130\u015flemleri \ud83e\uddf9 Son kat boya ve hangar kapama\ud83d\udd29 Pervane [&hellip;]<\/p>\n","protected":false},"author":1,"featured_media":92,"parent":0,"menu_order":0,"comment_status":"closed","ping_status":"closed","template":"full-width","meta":{"saved_in_kubio":true,"footnotes":""},"class_list":["post-36","page","type-page","status-publish","has-post-thumbnail","hentry"],"kubio_ai_page_context":{"short_desc":"","purpose":"general"},"_links":{"self":[{"href":"https:\/\/kayamarine.com.tr\/index.php\/wp-json\/wp\/v2\/pages\/36","targetHints":{"allow":["GET"]}}],"collection":[{"href":"https:\/\/kayamarine.com.tr\/index.php\/wp-json\/wp\/v2\/pages"}],"about":[{"href":"https:\/\/kayamarine.com.tr\/index.php\/wp-json\/wp\/v2\/types\/page"}],"author":[{"embeddable":true,"href":"https:\/\/kayamarine.com.tr\/index.php\/wp-json\/wp\/v2\/users\/1"}],"replies":[{"embeddable":true,"href":"https:\/\/kayamarine.com.tr\/index.php\/wp-json\/wp\/v2\/comments?post=36"}],"version-history":[{"count":4,"href":"https:\/\/kayamarine.com.tr\/index.php\/wp-json\/wp\/v2\/pages\/36\/revisions"}],"predecessor-version":[{"id":127,"href":"https:\/\/kayamarine.com.tr\/index.php\/wp-json\/wp\/v2\/pages\/36\/revisions\/127"}],"wp:featuredmedia":[{"embeddable":true,"href":"https:\/\/kayamarine.com.tr\/index.php\/wp-json\/wp\/v2\/media\/92"}],"wp:attachment":[{"href":"https:\/\/kayamarine.com.tr\/index.php\/wp-json\/wp\/v2\/media?parent=36"}],"curies":[{"name":"wp","href":"https:\/\/api.w.org\/{rel}","templated":true}]}}