{"id":34,"date":"2025-08-09T13:20:57","date_gmt":"2025-08-09T13:20:57","guid":{"rendered":"https:\/\/kayamarine.com.tr\/index.php\/gunlukler\/"},"modified":"2025-08-09T17:03:02","modified_gmt":"2025-08-09T17:03:02","slug":"gunlukler","status":"publish","type":"page","link":"https:\/\/kayamarine.com.tr\/index.php\/gunlukler\/","title":{"rendered":"\u0130\u015f Ortaklar\u0131m\u0131z"},"content":{"rendered":"\n<p>Uluslararas\u0131 G\u00fcc\u00fcm\u00fcz<\/p>\n\n\n\n<p><br>Seajet markas\u0131n\u0131n T\u00fcrkiye temsilcisi ve lojistik da\u011f\u0131t\u0131m orta\u011f\u0131y\u0131z.<br>Seajet markam\u0131z alt\u0131nda T\u00fcrkiye\u2019de yakla\u015f\u0131k 100\u2019e yak\u0131n bayimiz vard\u0131r.<br>Fuarlarda ve sempozyumlarda aktif rol al\u0131yoruz.<\/p>\n\n\n\n<p>BlueFin \u00c7E\u015eME kurucu orta\u011f\u0131y\u0131z.<\/p>\n\n\n\n<p>\u00c7e\u015fme Marine<\/p>\n\n\n\n<p>Didim D-Marine<\/p>\n","protected":false},"excerpt":{"rendered":"<p>Uluslararas\u0131 G\u00fcc\u00fcm\u00fcz Seajet markas\u0131n\u0131n T\u00fcrkiye temsilcisi ve lojistik da\u011f\u0131t\u0131m orta\u011f\u0131y\u0131z.Seajet markam\u0131z alt\u0131nda T\u00fcrkiye\u2019de yakla\u015f\u0131k 100\u2019e yak\u0131n bayimiz vard\u0131r.Fuarlarda ve sempozyumlarda aktif rol al\u0131yoruz. BlueFin \u00c7E\u015eME kurucu orta\u011f\u0131y\u0131z. \u00c7e\u015fme Marine Didim D-Marine<\/p>\n","protected":false},"author":1,"featured_media":96,"parent":0,"menu_order":0,"comment_status":"closed","ping_status":"closed","template":"full-width","meta":{"saved_in_kubio":true,"footnotes":""},"class_list":["post-34","page","type-page","status-publish","has-post-thumbnail","hentry"],"kubio_ai_page_context":{"short_desc":"","purpose":"general"},"_links":{"self":[{"href":"https:\/\/kayamarine.com.tr\/index.php\/wp-json\/wp\/v2\/pages\/34","targetHints":{"allow":["GET"]}}],"collection":[{"href":"https:\/\/kayamarine.com.tr\/index.php\/wp-json\/wp\/v2\/pages"}],"about":[{"href":"https:\/\/kayamarine.com.tr\/index.php\/wp-json\/wp\/v2\/types\/page"}],"author":[{"embeddable":true,"href":"https:\/\/kayamarine.com.tr\/index.php\/wp-json\/wp\/v2\/users\/1"}],"replies":[{"embeddable":true,"href":"https:\/\/kayamarine.com.tr\/index.php\/wp-json\/wp\/v2\/comments?post=34"}],"version-history":[{"count":5,"href":"https:\/\/kayamarine.com.tr\/index.php\/wp-json\/wp\/v2\/pages\/34\/revisions"}],"predecessor-version":[{"id":133,"href":"https:\/\/kayamarine.com.tr\/index.php\/wp-json\/wp\/v2\/pages\/34\/revisions\/133"}],"wp:featuredmedia":[{"embeddable":true,"href":"https:\/\/kayamarine.com.tr\/index.php\/wp-json\/wp\/v2\/media\/96"}],"wp:attachment":[{"href":"https:\/\/kayamarine.com.tr\/index.php\/wp-json\/wp\/v2\/media?parent=34"}],"curies":[{"name":"wp","href":"https:\/\/api.w.org\/{rel}","templated":true}]}}