{"id":33,"date":"2025-08-09T13:20:56","date_gmt":"2025-08-09T13:20:56","guid":{"rendered":"https:\/\/kayamarine.com.tr\/index.php\/hakkinda\/"},"modified":"2025-08-09T16:57:49","modified_gmt":"2025-08-09T16:57:49","slug":"hakkinda","status":"publish","type":"page","link":"https:\/\/kayamarine.com.tr\/index.php\/hakkinda\/","title":{"rendered":"Hakk\u0131m\u0131zda"},"content":{"rendered":"\n<p>Hakk\u0131m\u0131zda<\/p>\n\n\n\n<p><br>2012 y\u0131l\u0131nda denizcilik sekt\u00f6r\u00fcndeki yolculu\u011funa ba\u015flayan Kaya Marine, bug\u00fcn \u00c7e\u015fme IC Marina ve Didim D-Marin&#8217;deki ofisleriyle T\u00fcrkiye&#8217;nin t\u00fcm marinalar\u0131nda hizmet verebilecek kapasitededir.<\/p>\n\n\n\n<p>Uzman ekibimiz ve ileri d\u00fczey ekipmanlar\u0131m\u0131zla 7\/24 hizmet sunuyoruz.<\/p>\n\n\n\n<p>Geleneksel denizcilik tecr\u00fcbesi ile modern teknolojiyi birle\u015ftirerek m\u00fc\u015fteri memnuniyetini \u00f6nceli\u011fimiz haline getiriyoruz.<\/p>\n\n\n\n<p> Vizyonumuz<br>T\u00fcrkiye&#8217;nin ve d\u00fcnyan\u0131n d\u00f6rt bir yan\u0131nda, denizcilik sekt\u00f6r\u00fcnde referans g\u00f6sterilen bir marka olmak.<\/p>\n\n\n\n<p>Misyonumuz<br>G\u00fcvenilir, s\u00fcrd\u00fcr\u00fclebilir ve m\u00fc\u015fteri odakl\u0131 \u00e7\u00f6z\u00fcmler sunarak denizcilik sekt\u00f6r\u00fcnde de\u011fer yaratmak.<\/p>\n\n\n\n<p>Mevcut Kapasitemiz Geni\u015f teknik kadro 40-60 personel<br>T\u00fcrkiye genelinde geni\u015f teknik kadro<br>Y\u0131ll\u0131k 500\u2019e yak\u0131n tekneye teknik servis sa\u011flama<\/p>\n","protected":false},"excerpt":{"rendered":"<p>Hakk\u0131m\u0131zda 2012 y\u0131l\u0131nda denizcilik sekt\u00f6r\u00fcndeki yolculu\u011funa ba\u015flayan Kaya Marine, bug\u00fcn \u00c7e\u015fme IC Marina ve Didim D-Marin&#8217;deki ofisleriyle T\u00fcrkiye&#8217;nin t\u00fcm marinalar\u0131nda hizmet verebilecek kapasitededir. Uzman ekibimiz ve ileri d\u00fczey ekipmanlar\u0131m\u0131zla 7\/24 hizmet sunuyoruz. Geleneksel denizcilik tecr\u00fcbesi ile modern teknolojiyi birle\u015ftirerek m\u00fc\u015fteri memnuniyetini \u00f6nceli\u011fimiz haline getiriyoruz. VizyonumuzT\u00fcrkiye&#8217;nin ve d\u00fcnyan\u0131n d\u00f6rt bir yan\u0131nda, denizcilik sekt\u00f6r\u00fcnde referans g\u00f6sterilen bir [&hellip;]<\/p>\n","protected":false},"author":1,"featured_media":0,"parent":0,"menu_order":0,"comment_status":"closed","ping_status":"closed","template":"full-width","meta":{"saved_in_kubio":true,"footnotes":""},"class_list":["post-33","page","type-page","status-publish","hentry"],"kubio_ai_page_context":{"short_desc":"","purpose":"general"},"_links":{"self":[{"href":"https:\/\/kayamarine.com.tr\/index.php\/wp-json\/wp\/v2\/pages\/33","targetHints":{"allow":["GET"]}}],"collection":[{"href":"https:\/\/kayamarine.com.tr\/index.php\/wp-json\/wp\/v2\/pages"}],"about":[{"href":"https:\/\/kayamarine.com.tr\/index.php\/wp-json\/wp\/v2\/types\/page"}],"author":[{"embeddable":true,"href":"https:\/\/kayamarine.com.tr\/index.php\/wp-json\/wp\/v2\/users\/1"}],"replies":[{"embeddable":true,"href":"https:\/\/kayamarine.com.tr\/index.php\/wp-json\/wp\/v2\/comments?post=33"}],"version-history":[{"count":4,"href":"https:\/\/kayamarine.com.tr\/index.php\/wp-json\/wp\/v2\/pages\/33\/revisions"}],"predecessor-version":[{"id":130,"href":"https:\/\/kayamarine.com.tr\/index.php\/wp-json\/wp\/v2\/pages\/33\/revisions\/130"}],"wp:attachment":[{"href":"https:\/\/kayamarine.com.tr\/index.php\/wp-json\/wp\/v2\/media?parent=33"}],"curies":[{"name":"wp","href":"https:\/\/api.w.org\/{rel}","templated":true}]}}